{"id":1636,"date":"2026-05-12T18:49:19","date_gmt":"2026-05-12T18:49:19","guid":{"rendered":"https:\/\/wyczuleni.pl\/?page_id=1636"},"modified":"2026-05-12T21:34:54","modified_gmt":"2026-05-12T21:34:54","slug":"koszyk","status":"publish","type":"page","link":"https:\/\/wyczuleni.pl\/?page_id=1636","title":{"rendered":"Koszyk"},"content":{"rendered":"\n<div data-block-name=\"woocommerce\/cart\" class=\"wp-block-woocommerce-cart alignwide is-loading\">\n<div data-block-name=\"woocommerce\/filled-cart-block\" class=\"wp-block-woocommerce-filled-cart-block\">\n<div data-block-name=\"woocommerce\/cart-items-block\" class=\"wp-block-woocommerce-cart-items-block\">\n<div data-block-name=\"woocommerce\/cart-line-items-block\" class=\"wp-block-woocommerce-cart-line-items-block\"><\/div>\n\n\n<\/div>\n\n\n\n\n<div data-block-name=\"woocommerce\/cart-totals-block\" class=\"wp-block-woocommerce-cart-totals-block\">\n<div data-block-name=\"woocommerce\/cart-order-summary-block\" class=\"wp-block-woocommerce-cart-order-summary-block\">\n<div data-block-name=\"woocommerce\/cart-order-summary-heading-block\" class=\"wp-block-woocommerce-cart-order-summary-heading-block\"><\/div><div data-block-name=\"woocommerce\/cart-order-summary-coupon-form-block\" class=\"wp-block-woocommerce-cart-order-summary-coupon-form-block\"><\/div><div data-block-name=\"woocommerce\/cart-order-summary-totals-block\" class=\"wp-block-woocommerce-cart-order-summary-totals-block\">\n<div data-block-name=\"woocommerce\/cart-order-summary-subtotal-block\" class=\"wp-block-woocommerce-cart-order-summary-subtotal-block\"><\/div>\n<div data-block-name=\"woocommerce\/cart-order-summary-discount-block\" class=\"wp-block-woocommerce-cart-order-summary-discount-block\"><\/div>\n<div data-block-name=\"woocommerce\/cart-order-summary-fee-block\" class=\"wp-block-woocommerce-cart-order-summary-fee-block\"><\/div>\n<div data-block-name=\"woocommerce\/cart-order-summary-shipping-block\" class=\"wp-block-woocommerce-cart-order-summary-shipping-block\"><\/div>\n<div data-block-name=\"woocommerce\/cart-order-summary-taxes-block\" class=\"wp-block-woocommerce-cart-order-summary-taxes-block\"><\/div><\/div>\n<\/div>\n\n\n\n<div data-block-name=\"woocommerce\/cart-express-payment-block\" class=\"wp-block-woocommerce-cart-express-payment-block\"><\/div>\n\n\n\n<div data-block-name=\"woocommerce\/proceed-to-checkout-block\" class=\"wp-block-woocommerce-proceed-to-checkout-block\"><\/div>\n\n\n\n<div data-block-name=\"woocommerce\/cart-accepted-payment-methods-block\" class=\"wp-block-woocommerce-cart-accepted-payment-methods-block\"><\/div>\n<\/div>\n<\/div>\n\n\n\n<div data-block-name=\"woocommerce\/empty-cart-block\" class=\"wp-block-woocommerce-empty-cart-block\">\n<h2 class=\"wp-block-heading has-text-align-center with-empty-cart-icon wc-block-cart__empty-cart__title\">Tw\u00f3j koszyk jest obecnie pusty!<\/h2>\n\n\n\n<hr class=\"wp-block-separator has-alpha-channel-opacity is-style-dots\"\/>\n\n\n\n<h2 class=\"wp-block-heading has-text-align-center\">Nowe w sklepie<\/h2>\n\n\n<div data-block-name=\"woocommerce\/product-new\" data-columns=\"4\" data-rows=\"1\" class=\"wc-block-grid wp-block-product-new wp-block-woocommerce-product-new wc-block-product-new has-4-columns\"><ul class=\"wc-block-grid__products\"><li class=\"wc-block-grid__product\">\n\t\t\t\t<a href=\"https:\/\/wyczuleni.pl\/?product=spokokokon-terapeutyczna-hustawka-ktora-pomaga-dziecku-sie-wyciszyc\" class=\"wc-block-grid__product-link\">\n\t\t\t\t\t<div class=\"wc-block-grid__product-onsale\">\n\t\t\t<span aria-hidden=\"true\">Promocja<\/span>\n\t\t\t<span class=\"screen-reader-text\">Produkt w promocji<\/span>\n\t\t<\/div>\n\t\t\t\t\t<div class=\"wc-block-grid__product-image\"><img loading=\"lazy\" decoding=\"async\" width=\"300\" height=\"300\" src=\"https:\/\/wyczuleni.pl\/wp-content\/uploads\/2026\/05\/F38BAA48-4602-4B05-A33C-56F42347F5FA-300x300.webp\" class=\"attachment-woocommerce_thumbnail size-woocommerce_thumbnail\" alt=\"SpokoKokon - Terapeutyczna hu\u015btawka, kt\u00f3ra pomaga dziecku si\u0119 wyciszy\u0107\" srcset=\"https:\/\/wyczuleni.pl\/wp-content\/uploads\/2026\/05\/F38BAA48-4602-4B05-A33C-56F42347F5FA-300x300.webp 300w, https:\/\/wyczuleni.pl\/wp-content\/uploads\/2026\/05\/F38BAA48-4602-4B05-A33C-56F42347F5FA-150x150.webp 150w, https:\/\/wyczuleni.pl\/wp-content\/uploads\/2026\/05\/F38BAA48-4602-4B05-A33C-56F42347F5FA-800x800.webp 800w, https:\/\/wyczuleni.pl\/wp-content\/uploads\/2026\/05\/F38BAA48-4602-4B05-A33C-56F42347F5FA-1024x1024.webp 1024w, https:\/\/wyczuleni.pl\/wp-content\/uploads\/2026\/05\/F38BAA48-4602-4B05-A33C-56F42347F5FA-768x768.webp 768w, https:\/\/wyczuleni.pl\/wp-content\/uploads\/2026\/05\/F38BAA48-4602-4B05-A33C-56F42347F5FA-140x140.webp 140w, https:\/\/wyczuleni.pl\/wp-content\/uploads\/2026\/05\/F38BAA48-4602-4B05-A33C-56F42347F5FA-100x100.webp 100w, https:\/\/wyczuleni.pl\/wp-content\/uploads\/2026\/05\/F38BAA48-4602-4B05-A33C-56F42347F5FA-500x500.webp 500w, https:\/\/wyczuleni.pl\/wp-content\/uploads\/2026\/05\/F38BAA48-4602-4B05-A33C-56F42347F5FA-350x350.webp 350w, https:\/\/wyczuleni.pl\/wp-content\/uploads\/2026\/05\/F38BAA48-4602-4B05-A33C-56F42347F5FA-1000x1000.webp 1000w, https:\/\/wyczuleni.pl\/wp-content\/uploads\/2026\/05\/F38BAA48-4602-4B05-A33C-56F42347F5FA-50x50.webp 50w, https:\/\/wyczuleni.pl\/wp-content\/uploads\/2026\/05\/F38BAA48-4602-4B05-A33C-56F42347F5FA.webp 1254w\" sizes=\"auto, (max-width: 300px) 100vw, 300px\" \/><\/div>\n\t\t\t\t\t<div class=\"wc-block-grid__product-title\">SpokoKokon &#8211; Terapeutyczna hu\u015btawka, kt\u00f3ra pomaga dziecku si\u0119 wyciszy\u0107<\/div>\n\t\t\t\t<\/a>\n\t\t\t\t<div class=\"wc-block-grid__product-price price\">From: <del aria-hidden=\"true\"><span class=\"woocommerce-Price-amount amount\">229,99&nbsp;<span class=\"woocommerce-Price-currencySymbol\">&#122;&#322;<\/span><\/span><\/del> <span class=\"screen-reader-text\">Pierwotna cena wynosi\u0142a: 229,99&nbsp;&#122;&#322;.<\/span><ins aria-hidden=\"true\"><span class=\"woocommerce-Price-amount amount\">119,99&nbsp;<span class=\"woocommerce-Price-currencySymbol\">&#122;&#322;<\/span><\/span><\/ins><span class=\"screen-reader-text\">Aktualna cena wynosi: 119,99&nbsp;&#122;&#322;.<\/span><\/div>\n\t\t\t\t\n\t\t\t\t<div class=\"wp-block-button wc-block-grid__product-add-to-cart\"><a href=\"https:\/\/wyczuleni.pl\/?product=spokokokon-terapeutyczna-hustawka-ktora-pomaga-dziecku-sie-wyciszyc\" aria-label=\"Wybierz opcje dla &bdquo;SpokoKokon - Terapeutyczna hu\u015btawka, kt\u00f3ra pomaga dziecku si\u0119 wyciszy\u0107&rdquo;\" data-quantity=\"1\" data-product_id=\"1647\" data-product_sku=\"\" data-price=\"119.99\" rel=\"nofollow\" class=\"wp-block-button__link  add_to_cart_button\">Kup Teraz<\/a><\/div>\n\t\t\t<\/li><\/ul><\/div><\/div>\n<\/div>\n","protected":false},"excerpt":{"rendered":"Zobacz inne r\u00f3wnie interesuj\u0105ce&hellip; Tw\u00f3j koszyk jest obecnie pusty! Nowe w sklepie","protected":false},"author":1,"featured_media":0,"parent":0,"menu_order":0,"comment_status":"closed","ping_status":"closed","template":"","meta":{"footnotes":""},"class_list":["post-1636","page","type-page","status-publish"],"_links":{"self":[{"href":"https:\/\/wyczuleni.pl\/index.php?rest_route=\/wp\/v2\/pages\/1636","targetHints":{"allow":["GET"]}}],"collection":[{"href":"https:\/\/wyczuleni.pl\/index.php?rest_route=\/wp\/v2\/pages"}],"about":[{"href":"https:\/\/wyczuleni.pl\/index.php?rest_route=\/wp\/v2\/types\/page"}],"author":[{"embeddable":true,"href":"https:\/\/wyczuleni.pl\/index.php?rest_route=\/wp\/v2\/users\/1"}],"replies":[{"embeddable":true,"href":"https:\/\/wyczuleni.pl\/index.php?rest_route=%2Fwp%2Fv2%2Fcomments&post=1636"}],"version-history":[{"count":1,"href":"https:\/\/wyczuleni.pl\/index.php?rest_route=\/wp\/v2\/pages\/1636\/revisions"}],"predecessor-version":[{"id":1684,"href":"https:\/\/wyczuleni.pl\/index.php?rest_route=\/wp\/v2\/pages\/1636\/revisions\/1684"}],"wp:attachment":[{"href":"https:\/\/wyczuleni.pl\/index.php?rest_route=%2Fwp%2Fv2%2Fmedia&parent=1636"}],"curies":[{"name":"wp","href":"https:\/\/api.w.org\/{rel}","templated":true}]}}