{"id":8,"date":"2020-11-29T19:57:26","date_gmt":"2020-11-29T19:57:26","guid":{"rendered":"http:\/\/themenectar.com\/demo\/salient-ecommerce-robust\/?page_id=8"},"modified":"2026-05-12T20:24:35","modified_gmt":"2026-05-12T20:24:35","slug":"ecommerce-robust-landing","status":"publish","type":"page","link":"https:\/\/wyczuleni.pl\/","title":{"rendered":"eCommerce Robust Landing"},"content":{"rendered":"[vc_row type=&#8221;full_width_background&#8221; full_screen_row_position=&#8221;middle&#8221; column_margin=&#8221;none&#8221; column_direction=&#8221;default&#8221; column_direction_tablet=&#8221;default&#8221; column_direction_phone=&#8221;default&#8221; bg_color=&#8221;#9fc5d0&#8243; bg_image=&#8221;1654&#8243; bg_image_type=&#8221;default&#8221; bg_position=&#8221;center center&#8221; background_image_loading=&#8221;skip-lazy-load&#8221; bg_repeat=&#8221;no-repeat&#8221; scene_position=&#8221;center&#8221; top_padding=&#8221;19%&#8221; bottom_padding=&#8221;13%&#8221; top_padding_tablet=&#8221;30%&#8221; constrain_group_3=&#8221;yes&#8221; bottom_padding_tablet=&#8221;30%&#8221; top_padding_phone=&#8221;40%&#8221; constrain_group_5=&#8221;yes&#8221; bottom_padding_phone=&#8221;40%&#8221; text_color=&#8221;custom&#8221; text_align=&#8221;left&#8221; row_border_radius=&#8221;none&#8221; row_border_radius_applies=&#8221;bg&#8221; row_position_desktop=&#8221;default&#8221; row_position_tablet=&#8221;inherit&#8221; row_position_phone=&#8221;inherit&#8221; overflow=&#8221;visible&#8221; enable_gradient=&#8221;true&#8221; overlay_strength=&#8221;0.3&#8243; gradient_direction=&#8221;radial&#8221; shape_divider_color=&#8221;#ffffff&#8221; shape_divider_position=&#8221;bottom&#8221; shape_divider_height=&#8221;45%&#8221; bg_image_animation=&#8221;zoom-out&#8221; parallax_bg=&#8221;true&#8221; parallax_bg_speed=&#8221;fast&#8221; shape_type=&#8221;straight_section&#8221; gradient_type=&#8221;default&#8221;][vc_column column_padding=&#8221;no-extra-padding&#8221; column_padding_tablet=&#8221;inherit&#8221; column_padding_phone=&#8221;inherit&#8221; column_padding_position=&#8221;all&#8221; flex_gap_desktop=&#8221;10px&#8221; column_element_direction_desktop=&#8221;default&#8221; column_element_spacing=&#8221;0px&#8221; desktop_text_alignment=&#8221;default&#8221; tablet_text_alignment=&#8221;default&#8221; phone_text_alignment=&#8221;center&#8221; background_color_opacity=&#8221;1&#8243; background_hover_color_opacity=&#8221;1&#8243; column_backdrop_filter=&#8221;none&#8221; column_shadow=&#8221;none&#8221; column_border_radius=&#8221;none&#8221; column_link_target=&#8221;_self&#8221; column_position=&#8221;default&#8221; gradient_direction=&#8221;radial&#8221; overlay_strength=&#8221;0.3&#8243; width=&#8221;1\/1&#8243; tablet_width_inherit=&#8221;default&#8221; animation_type=&#8221;default&#8221; bg_image_animation=&#8221;zoom-out-reveal&#8221; parallax_bg=&#8221;true&#8221; parallax_bg_speed=&#8221;fast&#8221; border_type=&#8221;simple&#8221; column_border_width=&#8221;none&#8221; column_border_style=&#8221;solid&#8221;][vc_row_inner column_margin=&#8221;default&#8221; column_direction=&#8221;default&#8221; column_direction_tablet=&#8221;default&#8221; column_direction_phone=&#8221;default&#8221; text_align=&#8221;left&#8221; row_position=&#8221;default&#8221; row_position_tablet=&#8221;inherit&#8221; row_position_phone=&#8221;inherit&#8221; zindex=&#8221;20&#8243; overflow=&#8221;visible&#8221; pointer_events=&#8221;all&#8221;][vc_column_inner column_padding=&#8221;no-extra-padding&#8221; column_padding_tablet=&#8221;inherit&#8221; column_padding_phone=&#8221;inherit&#8221; column_padding_position=&#8221;all&#8221; flex_gap_desktop=&#8221;10px&#8221; column_element_direction_desktop=&#8221;default&#8221; column_element_spacing=&#8221;0px&#8221; desktop_text_alignment=&#8221;default&#8221; tablet_text_alignment=&#8221;default&#8221; phone_text_alignment=&#8221;default&#8221; background_color_opacity=&#8221;1&#8243; background_hover_color_opacity=&#8221;1&#8243; column_backdrop_filter=&#8221;none&#8221; font_color=&#8221;#ffffff&#8221; column_shadow=&#8221;none&#8221; column_border_radius=&#8221;none&#8221; column_link_target=&#8221;_self&#8221; overflow=&#8221;visible&#8221; gradient_direction=&#8221;left_to_right&#8221; overlay_strength=&#8221;0.3&#8243; width=&#8221;1\/1&#8243; tablet_width_inherit=&#8221;default&#8221; animation_type=&#8221;default&#8221; bg_image_animation=&#8221;none&#8221; border_type=&#8221;simple&#8221; column_border_width=&#8221;none&#8221; column_border_style=&#8221;solid&#8221;][split_line_heading line_reveal_by_space_text_effect=&#8221;default&#8221; font_style=&#8221;h1&#8243; stagger_animation=&#8221;true&#8221; content_alignment=&#8221;default&#8221; mobile_content_alignment=&#8221;inherit&#8221; animation_type=&#8221;line-reveal-by-space&#8221; link_target=&#8221;_self&#8221; text_content=&#8221;Zobacz naszego bestsellera&#8221; font_size=&#8221;8vh&#8221; animation_delay=&#8221;200&#8243; text_direction=&#8221;default&#8221;][\/split_line_heading][\/vc_column_inner][\/vc_row_inner][vc_row_inner column_margin=&#8221;default&#8221; column_direction=&#8221;default&#8221; column_direction_tablet=&#8221;default&#8221; column_direction_phone=&#8221;default&#8221; text_align=&#8221;left&#8221; row_position=&#8221;default&#8221; row_position_tablet=&#8221;inherit&#8221; row_position_phone=&#8221;inherit&#8221; zindex=&#8221;20&#8243; overflow=&#8221;visible&#8221; pointer_events=&#8221;all&#8221;][vc_column_inner column_padding=&#8221;no-extra-padding&#8221; column_padding_tablet=&#8221;inherit&#8221; column_padding_phone=&#8221;inherit&#8221; column_padding_position=&#8221;all&#8221; flex_gap_desktop=&#8221;10px&#8221; column_element_direction_desktop=&#8221;default&#8221; column_element_spacing=&#8221;0px&#8221; desktop_text_alignment=&#8221;default&#8221; tablet_text_alignment=&#8221;default&#8221; phone_text_alignment=&#8221;default&#8221; background_color_opacity=&#8221;1&#8243; background_hover_color_opacity=&#8221;1&#8243; column_backdrop_filter=&#8221;none&#8221; font_color=&#8221;#ffffff&#8221; column_shadow=&#8221;none&#8221; column_border_radius=&#8221;none&#8221; column_link_target=&#8221;_self&#8221; overflow=&#8221;visible&#8221; gradient_direction=&#8221;left_to_right&#8221; overlay_strength=&#8221;0.3&#8243; width=&#8221;1\/1&#8243; tablet_width_inherit=&#8221;default&#8221; animation_type=&#8221;default&#8221; enable_animation=&#8221;true&#8221; animation=&#8221;fade-in-from-bottom&#8221; animation_easing=&#8221;default&#8221; bg_image_animation=&#8221;none&#8221; border_type=&#8221;simple&#8221; column_border_width=&#8221;none&#8221; column_border_style=&#8221;solid&#8221; delay=&#8221;650&#8243;][nectar_cta btn_style=&#8221;underline&#8221; underline_visibility=&#8221;default&#8221; heading_tag=&#8221;span&#8221; link_type=&#8221;regular&#8221; button_color=&#8221;default&#8221; text_color=&#8221;#ffffff&#8221; button_border_thickness=&#8221;0px&#8221; alignment=&#8221;left&#8221; alignment_tablet=&#8221;default&#8221; alignment_phone=&#8221;default&#8221; constrain_group_3=&#8221;yes&#8221; display=&#8221;block&#8221; display_tablet=&#8221;inherit&#8221; display_phone=&#8221;inherit&#8221; icon_family=&#8221;none&#8221; link_text=&#8221;Sprawd\u017a Teraz&#8221; margin_top=&#8221;30&#8243; padding_top=&#8221;18&#8243; padding_bottom=&#8221;18&#8243; margin_bottom=&#8221;20&#8243;][\/vc_column_inner][\/vc_row_inner][\/vc_column][\/vc_row][vc_row type=&#8221;in_container&#8221; full_screen_row_position=&#8221;middle&#8221; column_margin=&#8221;default&#8221; column_direction=&#8221;default&#8221; column_direction_tablet=&#8221;default&#8221; column_direction_phone=&#8221;default&#8221; scene_position=&#8221;center&#8221; text_color=&#8221;dark&#8221; text_align=&#8221;left&#8221; row_border_radius=&#8221;none&#8221; row_border_radius_applies=&#8221;bg&#8221; row_position_desktop=&#8221;default&#8221; row_position_tablet=&#8221;inherit&#8221; row_position_phone=&#8221;inherit&#8221; overflow=&#8221;visible&#8221; overlay_strength=&#8221;0.3&#8243; gradient_direction=&#8221;left_to_right&#8221; shape_divider_position=&#8221;bottom&#8221; bg_image_animation=&#8221;none&#8221;][vc_column column_padding=&#8221;no-extra-padding&#8221; column_padding_tablet=&#8221;inherit&#8221; column_padding_phone=&#8221;inherit&#8221; column_padding_position=&#8221;all&#8221; flex_gap_desktop=&#8221;10px&#8221; column_element_direction_desktop=&#8221;default&#8221; column_element_spacing=&#8221;default&#8221; desktop_text_alignment=&#8221;default&#8221; tablet_text_alignment=&#8221;default&#8221; phone_text_alignment=&#8221;default&#8221; background_color_opacity=&#8221;1&#8243; background_hover_color_opacity=&#8221;1&#8243; column_backdrop_filter=&#8221;none&#8221; column_shadow=&#8221;none&#8221; column_border_radius=&#8221;none&#8221; column_link_target=&#8221;_self&#8221; column_position=&#8221;default&#8221; gradient_direction=&#8221;left_to_right&#8221; overlay_strength=&#8221;0.3&#8243; width=&#8221;1\/1&#8243; tablet_width_inherit=&#8221;default&#8221; animation_type=&#8221;default&#8221; bg_image_animation=&#8221;none&#8221; border_type=&#8221;simple&#8221; column_border_width=&#8221;none&#8221; column_border_style=&#8221;solid&#8221;]<div class=\"woocommerce columns-4 \">\n  <ul class=\"products columns-4\" data-n-lazy=\"1\" data-rm-m-hover=\"1\" data-n-desktop-columns=\"3\" data-n-desktop-small-columns=\"2\" data-n-tablet-columns=\"2\" data-n-phone-columns=\"2\" data-product-style=\"minimal\">\n\n\n\n\t<li class=\"minimal product type-product post-1647 status-publish first instock product_cat-bez-kategorii has-post-thumbnail sale shipping-taxable purchasable product-type-variable\" >\n\n\n\t\n\n\t\t\n\t<span class=\"onsale\">Promocja!<\/span>\n\t\t\t <div class=\"background-color-expand\"><\/div>\n\t   <div class=\"product-wrap\">\n\t\t\t\n\t\t\t\t<div class=\"product-image-wrap has-hover-image\">\n\t\t\t\t\t<a href=\"https:\/\/wyczuleni.pl\/?product=spokokokon-terapeutyczna-hustawka-ktora-pomaga-dziecku-sie-wyciszyc\" aria-label=\"SpokoKokon - Terapeutyczna hu\u015btawka, kt\u00f3ra pomaga dziecku si\u0119 wyciszy\u0107\"><img loading=\"lazy\" decoding=\"async\" width=\"300\" height=\"300\" src=\"https:\/\/wyczuleni.pl\/wp-content\/uploads\/2026\/05\/F38BAA48-4602-4B05-A33C-56F42347F5FA-300x300.webp\" class=\"attachment-woocommerce_thumbnail size-woocommerce_thumbnail\" alt=\"SpokoKokon - Terapeutyczna hu\u015btawka, kt\u00f3ra pomaga dziecku si\u0119 wyciszy\u0107\" srcset=\"https:\/\/wyczuleni.pl\/wp-content\/uploads\/2026\/05\/F38BAA48-4602-4B05-A33C-56F42347F5FA-300x300.webp 300w, https:\/\/wyczuleni.pl\/wp-content\/uploads\/2026\/05\/F38BAA48-4602-4B05-A33C-56F42347F5FA-150x150.webp 150w, https:\/\/wyczuleni.pl\/wp-content\/uploads\/2026\/05\/F38BAA48-4602-4B05-A33C-56F42347F5FA-800x800.webp 800w, https:\/\/wyczuleni.pl\/wp-content\/uploads\/2026\/05\/F38BAA48-4602-4B05-A33C-56F42347F5FA-1024x1024.webp 1024w, https:\/\/wyczuleni.pl\/wp-content\/uploads\/2026\/05\/F38BAA48-4602-4B05-A33C-56F42347F5FA-768x768.webp 768w, https:\/\/wyczuleni.pl\/wp-content\/uploads\/2026\/05\/F38BAA48-4602-4B05-A33C-56F42347F5FA-140x140.webp 140w, https:\/\/wyczuleni.pl\/wp-content\/uploads\/2026\/05\/F38BAA48-4602-4B05-A33C-56F42347F5FA-100x100.webp 100w, https:\/\/wyczuleni.pl\/wp-content\/uploads\/2026\/05\/F38BAA48-4602-4B05-A33C-56F42347F5FA-500x500.webp 500w, https:\/\/wyczuleni.pl\/wp-content\/uploads\/2026\/05\/F38BAA48-4602-4B05-A33C-56F42347F5FA-350x350.webp 350w, https:\/\/wyczuleni.pl\/wp-content\/uploads\/2026\/05\/F38BAA48-4602-4B05-A33C-56F42347F5FA-1000x1000.webp 1000w, https:\/\/wyczuleni.pl\/wp-content\/uploads\/2026\/05\/F38BAA48-4602-4B05-A33C-56F42347F5FA-50x50.webp 50w, https:\/\/wyczuleni.pl\/wp-content\/uploads\/2026\/05\/F38BAA48-4602-4B05-A33C-56F42347F5FA.webp 1254w\" sizes=\"auto, (max-width: 300px) 100vw, 300px\" \/><img loading=\"lazy\" decoding=\"async\" width=\"1254\" height=\"1254\" src=\"https:\/\/wyczuleni.pl\/wp-content\/uploads\/2026\/05\/ChatGPT-Image-13-maj-2026-16_37_32-2.png\" class=\"hover-gallery-image\" alt=\"\" srcset=\"https:\/\/wyczuleni.pl\/wp-content\/uploads\/2026\/05\/ChatGPT-Image-13-maj-2026-16_37_32-2.png 1254w, https:\/\/wyczuleni.pl\/wp-content\/uploads\/2026\/05\/ChatGPT-Image-13-maj-2026-16_37_32-2-300x300.png 300w, https:\/\/wyczuleni.pl\/wp-content\/uploads\/2026\/05\/ChatGPT-Image-13-maj-2026-16_37_32-2-1024x1024.png 1024w, https:\/\/wyczuleni.pl\/wp-content\/uploads\/2026\/05\/ChatGPT-Image-13-maj-2026-16_37_32-2-150x150.png 150w, https:\/\/wyczuleni.pl\/wp-content\/uploads\/2026\/05\/ChatGPT-Image-13-maj-2026-16_37_32-2-768x768.png 768w, https:\/\/wyczuleni.pl\/wp-content\/uploads\/2026\/05\/ChatGPT-Image-13-maj-2026-16_37_32-2-140x140.png 140w, https:\/\/wyczuleni.pl\/wp-content\/uploads\/2026\/05\/ChatGPT-Image-13-maj-2026-16_37_32-2-100x100.png 100w, https:\/\/wyczuleni.pl\/wp-content\/uploads\/2026\/05\/ChatGPT-Image-13-maj-2026-16_37_32-2-500x500.png 500w, https:\/\/wyczuleni.pl\/wp-content\/uploads\/2026\/05\/ChatGPT-Image-13-maj-2026-16_37_32-2-350x350.png 350w, https:\/\/wyczuleni.pl\/wp-content\/uploads\/2026\/05\/ChatGPT-Image-13-maj-2026-16_37_32-2-1000x1000.png 1000w, https:\/\/wyczuleni.pl\/wp-content\/uploads\/2026\/05\/ChatGPT-Image-13-maj-2026-16_37_32-2-800x800.png 800w, https:\/\/wyczuleni.pl\/wp-content\/uploads\/2026\/05\/ChatGPT-Image-13-maj-2026-16_37_32-2-50x50.png 50w\" sizes=\"auto, (max-width: 1254px) 100vw, 1254px\" \/><\/a>\n\t\t\t\t\t<div class=\"product-add-to-cart\" data-nectar-quickview=\"true\"><a href=\"https:\/\/wyczuleni.pl\/?product=spokokokon-terapeutyczna-hustawka-ktora-pomaga-dziecku-sie-wyciszyc\" aria-describedby=\"woocommerce_loop_add_to_cart_link_describedby_1647\" data-quantity=\"1\" class=\"button product_type_variable add_to_cart_button\" data-product_id=\"1647\" data-product_sku=\"\" aria-label=\"Wybierz opcje dla &bdquo;SpokoKokon - Terapeutyczna hu\u015btawka, kt\u00f3ra pomaga dziecku si\u0119 wyciszy\u0107&rdquo;\" rel=\"nofollow\"><i class=\"normal icon-salient-cart\"><\/i><span>Kup Teraz<\/span><\/a>\t<span id=\"woocommerce_loop_add_to_cart_link_describedby_1647\" class=\"screen-reader-text\">\n\t\tTen produkt ma wiele wariant\u00f3w. Opcje mo\u017cna wybra\u0107 na stronie produktu\t<\/span>\n<a class=\"nectar_quick_view no-ajaxy \" data-product-id=\"1647\"> <i class=\"normal icon-salient-m-eye\"><\/i>\n\t    <span>Quick View<\/span><\/a><\/div><\/div><div class=\"product-meta\"><div class=\"product-main-meta\">\n\t\t\t\t\t\t<a href=\"https:\/\/wyczuleni.pl\/?product=spokokokon-terapeutyczna-hustawka-ktora-pomaga-dziecku-sie-wyciszyc\"><h2 class=\"woocommerce-loop-product__title\">SpokoKokon &#8211; Terapeutyczna hu\u015btawka, kt\u00f3ra pomaga dziecku si\u0119 wyciszy\u0107<\/h2><\/a>\n\t<span class=\"price\">From: <del aria-hidden=\"true\"><span class=\"woocommerce-Price-amount amount\"><bdi>229,99&nbsp;<span class=\"woocommerce-Price-currencySymbol\">&#122;&#322;<\/span><\/bdi><\/span><\/del> <span class=\"screen-reader-text\">Pierwotna cena wynosi\u0142a: 229,99&nbsp;&#122;&#322;.<\/span><ins aria-hidden=\"true\"><span class=\"woocommerce-Price-amount amount\"><bdi>119,99&nbsp;<span class=\"woocommerce-Price-currencySymbol\">&#122;&#322;<\/span><\/bdi><\/span><\/ins><span class=\"screen-reader-text\">Aktualna cena wynosi: 119,99&nbsp;&#122;&#322;.<\/span><\/span>\n<\/div><\/div><\/div>\t\t\n\t  \n\n\t\t\n\t\n\n\t\n<\/li><\/ul>\n<\/div>[\/vc_column][\/vc_row]\n","protected":false},"excerpt":{"rendered":"<p>[vc_row type=&#8221;full_width_background&#8221; full_screen_row_position=&#8221;middle&#8221; column_margin=&#8221;none&#8221; column_direction=&#8221;default&#8221; column_direction_tablet=&#8221;default&#8221; column_direction_phone=&#8221;default&#8221; bg_color=&#8221;#9fc5d0&#8243; bg_image=&#8221;1654&#8243; bg_image_type=&#8221;default&#8221; bg_position=&#8221;center center&#8221; background_image_loading=&#8221;skip-lazy-load&#8221; bg_repeat=&#8221;no-repeat&#8221; scene_position=&#8221;center&#8221; top_padding=&#8221;19%&#8221; bottom_padding=&#8221;13%&#8221; top_padding_tablet=&#8221;30%&#8221; constrain_group_3=&#8221;yes&#8221; bottom_padding_tablet=&#8221;30%&#8221; top_padding_phone=&#8221;40%&#8221; constrain_group_5=&#8221;yes&#8221; bottom_padding_phone=&#8221;40%&#8221; text_color=&#8221;custom&#8221; text_align=&#8221;left&#8221; row_border_radius=&#8221;none&#8221; row_border_radius_applies=&#8221;bg&#8221; row_position_desktop=&#8221;default&#8221; row_position_tablet=&#8221;inherit&#8221; row_position_phone=&#8221;inherit&#8221;&#8230;<\/p>\n","protected":false},"author":1,"featured_media":0,"parent":0,"menu_order":0,"comment_status":"closed","ping_status":"closed","template":"","meta":{"footnotes":""},"class_list":["post-8","page","type-page","status-publish"],"_links":{"self":[{"href":"https:\/\/wyczuleni.pl\/index.php?rest_route=\/wp\/v2\/pages\/8","targetHints":{"allow":["GET"]}}],"collection":[{"href":"https:\/\/wyczuleni.pl\/index.php?rest_route=\/wp\/v2\/pages"}],"about":[{"href":"https:\/\/wyczuleni.pl\/index.php?rest_route=\/wp\/v2\/types\/page"}],"author":[{"embeddable":true,"href":"https:\/\/wyczuleni.pl\/index.php?rest_route=\/wp\/v2\/users\/1"}],"replies":[{"embeddable":true,"href":"https:\/\/wyczuleni.pl\/index.php?rest_route=%2Fwp%2Fv2%2Fcomments&post=8"}],"version-history":[{"count":2,"href":"https:\/\/wyczuleni.pl\/index.php?rest_route=\/wp\/v2\/pages\/8\/revisions"}],"predecessor-version":[{"id":1673,"href":"https:\/\/wyczuleni.pl\/index.php?rest_route=\/wp\/v2\/pages\/8\/revisions\/1673"}],"wp:attachment":[{"href":"https:\/\/wyczuleni.pl\/index.php?rest_route=%2Fwp%2Fv2%2Fmedia&parent=8"}],"curies":[{"name":"wp","href":"https:\/\/api.w.org\/{rel}","templated":true}]}}